{"id":84,"date":"2018-08-01T12:00:59","date_gmt":"2018-08-01T10:00:59","guid":{"rendered":"https:\/\/pro-run13.fr\/index.php\/home\/"},"modified":"2021-04-19T01:31:38","modified_gmt":"2021-04-18T23:31:38","slug":"home-2","status":"publish","type":"page","link":"https:\/\/pro-run13.fr\/","title":{"rendered":"Home"},"content":{"rendered":"\t\t<div data-elementor-type=\"wp-post\" data-elementor-id=\"84\" class=\"elementor elementor-84\">\n\t\t\t\t\t\t<section class=\"elementor-section elementor-top-section elementor-element elementor-element-c1b9498 elementor-section-boxed elementor-section-height-default elementor-section-height-default\" data-id=\"c1b9498\" data-element_type=\"section\" data-e-type=\"section\">\n\t\t\t\t\t\t<div class=\"elementor-container elementor-column-gap-default\">\n\t\t\t\t\t<div class=\"elementor-column elementor-col-100 elementor-top-column elementor-element elementor-element-2e19ce8\" data-id=\"2e19ce8\" data-element_type=\"column\" data-e-type=\"column\">\n\t\t\t<div class=\"elementor-widget-wrap elementor-element-populated\">\n\t\t\t\t\t\t<div class=\"elementor-element elementor-element-ecf7049 elementor-widget elementor-widget-aux_masterslider\" data-id=\"ecf7049\" data-element_type=\"widget\" data-e-type=\"widget\" data-widget_type=\"aux_masterslider.default\">\n\t\t\t\t<div class=\"elementor-widget-container\">\n\t\t\t\t\t\n\t\t<!-- MasterSlider -->\n\t\t<div id=\"P_MS69fb245628359\" class=\"master-slider-parent aux-blog-masterslider  ms-parent-id-1\" style=\"max-width:1600px;\"  >\n\n\t\t\t\n\t\t\t<!-- MasterSlider Main -->\n\t\t\t<div id=\"MS69fb245628359\" class=\"master-slider ms-skin-default\" >\n\t\t\t\t \t\t\t\t \n\t\t\t<div  class=\"ms-slide  ms-slide-post-243\"  data-fill-mode=\"fill\"   >\n\n\t\t\t\t\t<div class=\"ms-info\"><div class=\"master-header\"><span class=\"meta-category\">ALIMENTATION - Running \/ CONSEIL<\/span> <span class=\"meta-date\">16 d\u00e9cembre 2022<\/span><\/div><div class=\"master-title\"><a href=\"https:\/\/pro-run13.fr\/?p=243\" >Le running : le meilleur moyen de perdre du poids !<\/a><\/div><div class=\"master-content\">Le running : le meilleur moyen de perdre du poids !\nLe running est une excellente activit\u00e9 pour perdre du poids. Il ...<\/div><div class=\"master-meta\"><span class=\"meta-author\"><img alt='' src='https:\/\/secure.gravatar.com\/avatar\/c6f0e3a9fd402243fdb67da02b0c75c5697d7d6795c0c4d024afe6abc47584a9?s=96&#038;d=mm&#038;r=g' srcset='https:\/\/secure.gravatar.com\/avatar\/c6f0e3a9fd402243fdb67da02b0c75c5697d7d6795c0c4d024afe6abc47584a9?s=192&#038;d=mm&#038;r=g 2x' class='avatar avatar-96 photo' height='96' width='96' \/><span class=\"meta-avatar\">admin<\/span><\/span> <span class=\"meta-more\"><a href=\"https:\/\/pro-run13.fr\/index.php\/2022\/12\/16\/elementor-243\/\">READ MORE<\/a><\/span><\/div><\/div>\n\n\t\t\t\t\t<img decoding=\"async\"  class=\"ms-layer\" src=\"https:\/\/pro-run13.fr\/wp-content\/plugins\/masterslider\/public\/assets\/css\/blank.gif\" data-src=\"https:\/\/pro-run13.fr\/wp-content\/uploads\/2018\/08\/Group-50@2x.png\" alt=\"\" style=\"\"  data-effect=\"t(true,-5,n,n,n,n,n,n,n,n,n,n,n,n,n)\"   data-ease=\"easeOutQuint\"        data-type=\"image\"      data-widthlimit=\"1024\" data-action=\"next\"   data-offset-x=\"0\" data-offset-y=\"180\" data-origin=\"tr\"  \/>\n\n\t\t\t\t\t<img decoding=\"async\"  class=\"ms-layer  msp-cn-1-2\" src=\"https:\/\/pro-run13.fr\/wp-content\/plugins\/masterslider\/public\/assets\/css\/blank.gif\" data-src=\"https:\/\/pro-run13.fr\/wp-content\/uploads\/2018\/08\/Group-51@2x.png\" alt=\"\" style=\"\"  data-effect=\"t(true,5,n,n,n,n,n,n,n,n,n,n,n,n,n)\"   data-ease=\"easeOutQuint\"        data-type=\"image\"      data-widthlimit=\"1024\" data-action=\"previous\"   data-offset-x=\"0\" data-offset-y=\"244\" data-origin=\"tr\"  \/>\n\n\n\t\t\t\t<\/div>\n\t\t\t<div  class=\"ms-slide  ms-slide-post-61\"  data-fill-mode=\"fill\"   >\n\t\t\t\t\t<img decoding=\"async\" src=\"https:\/\/pro-run13.fr\/wp-content\/plugins\/masterslider\/public\/assets\/css\/blank.gif\" alt=\"Le running devient une tendance forte des sports\" title=\"Le running devient une tendance forte des sports\" data-src=\"https:\/\/pro-run13.fr\/wp-content\/uploads\/2018\/09\/6apP5t0qx0-1.jpg\" \/>\n\n\t\t\t\t\t<div class=\"ms-info\"><div class=\"master-header\"><span class=\"meta-category\">CHAUSSURE - 3eme Ultra trail<\/span> <span class=\"meta-date\">1 septembre 2018<\/span><\/div><div class=\"master-title\"><a href=\"https:\/\/pro-run13.fr\/index.php\/2018\/09\/01\/they-spoke-in-monosyllables-and-short-jerky\/\" >Le running devient une tendance forte des sports<\/a><\/div><div class=\"master-content\">Le&nbsp;running&nbsp;(terme anglais signifiant \u00ab&nbsp;courir&nbsp;\u00bb) est une pratique libre de la&nbsp;course \u00e0 pie ...<\/div><div class=\"master-meta\"><span class=\"meta-author\"><img alt='' src='https:\/\/secure.gravatar.com\/avatar\/c6f0e3a9fd402243fdb67da02b0c75c5697d7d6795c0c4d024afe6abc47584a9?s=96&#038;d=mm&#038;r=g' srcset='https:\/\/secure.gravatar.com\/avatar\/c6f0e3a9fd402243fdb67da02b0c75c5697d7d6795c0c4d024afe6abc47584a9?s=192&#038;d=mm&#038;r=g 2x' class='avatar avatar-96 photo' height='96' width='96' \/><span class=\"meta-avatar\">admin<\/span><\/span> <span class=\"meta-more\"><a href=\"https:\/\/pro-run13.fr\/index.php\/2018\/09\/01\/they-spoke-in-monosyllables-and-short-jerky\/\">READ MORE<\/a><\/span><\/div><\/div>\n\n\t\t\t\t\t<img decoding=\"async\"  class=\"ms-layer\" src=\"https:\/\/pro-run13.fr\/wp-content\/plugins\/masterslider\/public\/assets\/css\/blank.gif\" data-src=\"https:\/\/pro-run13.fr\/wp-content\/uploads\/2018\/08\/Group-50@2x.png\" alt=\"\" style=\"\"  data-effect=\"t(true,-5,n,n,n,n,n,n,n,n,n,n,n,n,n)\"   data-ease=\"easeOutQuint\"        data-type=\"image\"      data-widthlimit=\"1024\" data-action=\"next\"   data-offset-x=\"0\" data-offset-y=\"180\" data-origin=\"tr\"  \/>\n\n\t\t\t\t\t<img decoding=\"async\"  class=\"ms-layer  msp-cn-1-2\" src=\"https:\/\/pro-run13.fr\/wp-content\/plugins\/masterslider\/public\/assets\/css\/blank.gif\" data-src=\"https:\/\/pro-run13.fr\/wp-content\/uploads\/2018\/08\/Group-51@2x.png\" alt=\"\" style=\"\"  data-effect=\"t(true,5,n,n,n,n,n,n,n,n,n,n,n,n,n)\"   data-ease=\"easeOutQuint\"        data-type=\"image\"      data-widthlimit=\"1024\" data-action=\"previous\"   data-offset-x=\"0\" data-offset-y=\"244\" data-origin=\"tr\"  \/>\n\n\n\t\t\t\t<\/div>\n\t\t\t<div  class=\"ms-slide  ms-slide-post-62\"  data-fill-mode=\"fill\"   >\n\t\t\t\t\t<img decoding=\"async\" src=\"https:\/\/pro-run13.fr\/wp-content\/plugins\/masterslider\/public\/assets\/css\/blank.gif\" alt=\"Comparaison avec le jogging et le running\" title=\"Comparaison avec le jogging et le running\" data-src=\"https:\/\/pro-run13.fr\/wp-content\/uploads\/2018\/09\/IMAGE-2-1024x1024.jpg\" \/>\n\n\t\t\t\t\t<div class=\"ms-info\"><div class=\"master-header\"><span class=\"meta-category\">ALIMENTATION - Running \/ ALIMENTATION - Running<\/span> <span class=\"meta-date\">1 septembre 2018<\/span><\/div><div class=\"master-title\"><a href=\"https:\/\/pro-run13.fr\/index.php\/2018\/09\/01\/they-spoke-in-monosyllables-and-short-jerky-2\/\" >Comparaison avec le jogging et le running<\/a><\/div><div class=\"master-content\">Le&nbsp;jogging&nbsp;convient \u00e0 tout le monde du fait de sa vitesse mod\u00e9r\u00e9e. Qu&rsquo;importe que l&rsquo;on soit d ...<\/div><div class=\"master-meta\"><span class=\"meta-author\"><img alt='' src='https:\/\/secure.gravatar.com\/avatar\/c6f0e3a9fd402243fdb67da02b0c75c5697d7d6795c0c4d024afe6abc47584a9?s=96&#038;d=mm&#038;r=g' srcset='https:\/\/secure.gravatar.com\/avatar\/c6f0e3a9fd402243fdb67da02b0c75c5697d7d6795c0c4d024afe6abc47584a9?s=192&#038;d=mm&#038;r=g 2x' class='avatar avatar-96 photo' height='96' width='96' \/><span class=\"meta-avatar\">admin<\/span><\/span> <span class=\"meta-more\"><a href=\"https:\/\/pro-run13.fr\/index.php\/2018\/09\/01\/they-spoke-in-monosyllables-and-short-jerky-2\/\">READ MORE<\/a><\/span><\/div><\/div>\n\n\t\t\t\t\t<img decoding=\"async\"  class=\"ms-layer\" src=\"https:\/\/pro-run13.fr\/wp-content\/plugins\/masterslider\/public\/assets\/css\/blank.gif\" data-src=\"https:\/\/pro-run13.fr\/wp-content\/uploads\/2018\/08\/Group-50@2x.png\" alt=\"\" style=\"\"  data-effect=\"t(true,-5,n,n,n,n,n,n,n,n,n,n,n,n,n)\"   data-ease=\"easeOutQuint\"        data-type=\"image\"      data-widthlimit=\"1024\" data-action=\"next\"   data-offset-x=\"0\" data-offset-y=\"180\" data-origin=\"tr\"  \/>\n\n\t\t\t\t\t<img decoding=\"async\"  class=\"ms-layer  msp-cn-1-2\" src=\"https:\/\/pro-run13.fr\/wp-content\/plugins\/masterslider\/public\/assets\/css\/blank.gif\" data-src=\"https:\/\/pro-run13.fr\/wp-content\/uploads\/2018\/08\/Group-51@2x.png\" alt=\"\" style=\"\"  data-effect=\"t(true,5,n,n,n,n,n,n,n,n,n,n,n,n,n)\"   data-ease=\"easeOutQuint\"        data-type=\"image\"      data-widthlimit=\"1024\" data-action=\"previous\"   data-offset-x=\"0\" data-offset-y=\"244\" data-origin=\"tr\"  \/>\n\n\n\t\t\t\t<\/div>\n\n\t\t\t<\/div>\n\t\t\t<!-- END MasterSlider Main -->\n\n\t\t\t \n\t\t<\/div>\n\t\t<!-- END MasterSlider -->\n\n\t\t<script>\n\t\t( window.MSReady = window.MSReady || [] ).push( function( $ ) {\n\n\t\t\t\"use strict\";\n\t\t\tvar masterslider_8359 = new MasterSlider();\n\n\t\t\t\/\/ slider controls\n\t\t\tmasterslider_8359.control('slideinfo'  ,{ autohide:false, overVideo:true, dir:'v', align:'right',inset:true   , size:550 });\n\t\t\t\/\/ slider setup\n\t\t\tmasterslider_8359.setup(\"MS69fb245628359\", {\n\t\t\t\twidth           : 1600,\n\t\t\t\theight          : 876,\n\t\t\t\tminHeight       : 0,\n\t\t\t\tspace           : 0,\n\t\t\t\tstart           : 1,\n\t\t\t\tgrabCursor      : true,\n\t\t\t\tswipe           : true,\n\t\t\t\tmouse           : true,\n\t\t\t\tkeyboard        : false,\n\t\t\t\tlayout          : \"boxed\",\n\t\t\t\twheel           : false,\n\t\t\t\tautoplay        : true,\n                instantStartLayers:true,\n\t\t\t\tmobileBGVideo:false,\n\t\t\t\tloop            : true,\n\t\t\t\tshuffle         : false,\n\t\t\t\tpreload         : 0,\n\t\t\t\theightLimit     : true,\n\t\t\t\tautoHeight      : false,\n\t\t\t\tsmoothHeight    : true,\n\t\t\t\tendPause        : false,\n\t\t\t\toverPause       : true,\n\t\t\t\tfillMode        : \"fill\",\n\t\t\t\tcenterControls  : true,\n\t\t\t\tstartOnAppear   : false,\n\t\t\t\tlayersMode      : \"center\",\n\t\t\t\tautofillTarget  : \"\",\n\t\t\t\thideLayers      : false,\n\t\t\t\tfullscreenMargin: 0,\n\t\t\t\tspeed           : 15,\n\t\t\t\tdir             : \"h\",\n\t\t\t\tresponsive      : true,\n\t\t\t\ttabletWidth     : 768,\n\t\t\t\ttabletHeight    : null,\n\t\t\t\tphoneWidth      : 480,\n\t\t\t\tphoneHeight    : null,\n\t\t\t\tsizingReference : window,\n\t\t\t\tparallaxMode    : 'swipe',\n\t\t\t\tview            : \"parallaxMask\"\n\t\t\t});\n\n\t\t\t\n\t\t\twindow.masterslider_instances = window.masterslider_instances || [];\n\t\t\twindow.masterslider_instances.push( masterslider_8359 );\n\t\t});\n\t\t<\/script>\n\n\t\t\t\t<\/div>\n\t\t\t\t<\/div>\n\t\t\t\t\t<\/div>\n\t\t<\/div>\n\t\t\t\t\t<\/div>\n\t\t<\/section>\n\t\t\t\t<section class=\"elementor-section elementor-top-section elementor-element elementor-element-3fe70a7 elementor-section-boxed elementor-section-height-default elementor-section-height-default\" data-id=\"3fe70a7\" data-element_type=\"section\" data-e-type=\"section\">\n\t\t\t\t\t\t<div class=\"elementor-container elementor-column-gap-extended\">\n\t\t\t\t\t<div class=\"elementor-column elementor-col-50 elementor-top-column elementor-element elementor-element-cb94daa aux-primary\" data-id=\"cb94daa\" data-element_type=\"column\" data-e-type=\"column\">\n\t\t\t<div class=\"elementor-widget-wrap\">\n\t\t\t\t\t\t\t<\/div>\n\t\t<\/div>\n\t\t\t\t<aside class=\"elementor-column elementor-col-50 elementor-top-column elementor-element elementor-element-a36dac4 aux-sidebar aux-sidebar-primary\" data-id=\"a36dac4\" data-element_type=\"column\" data-e-type=\"column\">\n\t\t\t<div class=\"elementor-widget-wrap elementor-element-populated\">\n\t\t\t\t\t\t<div class=\"elementor-element elementor-element-c90d9aa aux-widget-area elementor-widget elementor-widget-sidebar\" data-id=\"c90d9aa\" data-element_type=\"widget\" data-e-type=\"widget\" data-widget_type=\"sidebar.default\">\n\t\t\t\t<div class=\"elementor-widget-container\">\n\t\t\t\t\t<section id=\"categories-3\" class=\" aux-open widget-container widget_categories\"><h3 class=\"widget-title\">Cat\u00e9gories<\/h3>\n\t\t\t<ul>\n\t\t\t\t\t<li class=\"cat-item cat-item-1\"><a href=\"https:\/\/pro-run13.fr\/index.php\/category\/alimentation-nourriture\/alimentation-nourriture-1\/\">ALIMENTATION &#8211; Running<\/a>\n<\/li>\n\t<li class=\"cat-item cat-item-8\"><a href=\"https:\/\/pro-run13.fr\/index.php\/category\/alimentation-nourriture\/\">ALIMENTATION &#8211; Running<\/a>\n<\/li>\n\t<li class=\"cat-item cat-item-22\"><a href=\"https:\/\/pro-run13.fr\/index.php\/category\/chaussures-3\/\">CHAUSSURE &#8211; 3eme Ultra trail<\/a>\n<\/li>\n\t<li class=\"cat-item cat-item-9\"><a href=\"https:\/\/pro-run13.fr\/index.php\/category\/chaussures\/\">CHAUSSURES &#8211; 1er &#8211; Running<\/a>\n<\/li>\n\t<li class=\"cat-item cat-item-27\"><a href=\"https:\/\/pro-run13.fr\/index.php\/category\/conseil\/\">CONSEIL<\/a>\n<\/li>\n\t<li class=\"cat-item cat-item-20\"><a href=\"https:\/\/pro-run13.fr\/index.php\/category\/nourriture-2\/\">NOURRITURE &#8211; 2eme Trail<\/a>\n<\/li>\n\t<li class=\"cat-item cat-item-10\"><a href=\"https:\/\/pro-run13.fr\/index.php\/category\/vetements\/\">VETEMENTS &#8211; 1er &#8211; Running<\/a>\n<\/li>\n\t\t\t<\/ul>\n\n\t\t\t<\/section><section id=\"mc4wp_form_widget-2\" class=\" aux-open widget-container widget_mc4wp_form_widget\"><h3 class=\"widget-title\">Newsletter<\/h3><script>(function() {\n\twindow.mc4wp = window.mc4wp || {\n\t\tlisteners: [],\n\t\tforms: {\n\t\t\ton: function(evt, cb) {\n\t\t\t\twindow.mc4wp.listeners.push(\n\t\t\t\t\t{\n\t\t\t\t\t\tevent   : evt,\n\t\t\t\t\t\tcallback: cb\n\t\t\t\t\t}\n\t\t\t\t);\n\t\t\t}\n\t\t}\n\t}\n})();\n<\/script><!-- Mailchimp for WordPress v4.12.3 - https:\/\/wordpress.org\/plugins\/mailchimp-for-wp\/ --><form id=\"mc4wp-form-1\" class=\"mc4wp-form mc4wp-form-80\" method=\"post\" data-id=\"80\" data-name=\"newsletter\" ><div class=\"mc4wp-form-fields\"><p>\r\n\tInscrivez-vous \u00e0 notre bulletin hebdomadaire\r\n<\/p>\r\n\r\n<div class=\"aux-news-letter\">\r\n    <input type=\"email\" name=\"EMAIL\" placeholder=\"Votre email ici...\" required \/>\r\n\t<input type=\"submit\" value=\"S'INSCRIRE\" \/>\r\n<\/div><\/div><label style=\"display: none !important;\">Laissez ce champ vide si vous \u00eates humain\u00a0: <input type=\"text\" name=\"_mc4wp_honeypot\" value=\"\" tabindex=\"-1\" autocomplete=\"off\" \/><\/label><input type=\"hidden\" name=\"_mc4wp_timestamp\" value=\"1778066518\" \/><input type=\"hidden\" name=\"_mc4wp_form_id\" value=\"80\" \/><input type=\"hidden\" name=\"_mc4wp_form_element_id\" value=\"mc4wp-form-1\" \/><div class=\"mc4wp-response\"><\/div><\/form><!-- \/ Mailchimp for WordPress Plugin --><\/section>\t\t\t\t<\/div>\n\t\t\t\t<\/div>\n\t\t\t\t\t<\/div>\n\t\t<\/aside>\n\t\t\t\t\t<\/div>\n\t\t<\/section>\n\t\t\t\t<section class=\"elementor-section elementor-top-section elementor-element elementor-element-433a4a5 aux-primary elementor-section-boxed elementor-section-height-default elementor-section-height-default\" data-id=\"433a4a5\" data-element_type=\"section\" data-e-type=\"section\" data-settings=\"{&quot;background_background&quot;:&quot;classic&quot;}\">\n\t\t\t\t\t\t<div class=\"elementor-container elementor-column-gap-default\">\n\t\t\t\t\t<div class=\"elementor-column elementor-col-100 elementor-top-column elementor-element elementor-element-ade85e9\" data-id=\"ade85e9\" data-element_type=\"column\" data-e-type=\"column\">\n\t\t\t<div class=\"elementor-widget-wrap\">\n\t\t\t\t\t\t\t<\/div>\n\t\t<\/div>\n\t\t\t\t\t<\/div>\n\t\t<\/section>\n\t\t\t\t<section class=\"elementor-section elementor-top-section elementor-element elementor-element-2f02cd5 elementor-section-boxed elementor-section-height-default elementor-section-height-default\" data-id=\"2f02cd5\" data-element_type=\"section\" data-e-type=\"section\">\n\t\t\t\t\t\t<div class=\"elementor-container elementor-column-gap-default\">\n\t\t\t\t\t<div class=\"elementor-column elementor-col-100 elementor-top-column elementor-element elementor-element-d20d9e9\" data-id=\"d20d9e9\" data-element_type=\"column\" data-e-type=\"column\">\n\t\t\t<div class=\"elementor-widget-wrap\">\n\t\t\t\t\t\t\t<\/div>\n\t\t<\/div>\n\t\t\t\t\t<\/div>\n\t\t<\/section>\n\t\t\t\t<\/div>\n\t\t","protected":false},"excerpt":{"rendered":"<p>CHAUSSURE &#8211; 3eme Ultra trail 1 septembre 2018Le running devient une tendance lourde des sportsLe&nbsp;running&nbsp;(terme anglais signifiant \u00ab&nbsp;courir&nbsp;\u00bb) est une pratique libre de la&nbsp;course \u00e0 pie &#8230;admin8096 READ MORE Non class\u00e9 \/ NOURRITURE &#8211; 1er &#8211; Running 1 septembre 2018Comparaison avec le jogging et le runningLe&nbsp;jogging&nbsp;convient \u00e0 tout le monde du fait de sa vitesse [&hellip;]<\/p>\n","protected":false},"author":1,"featured_media":0,"parent":0,"menu_order":0,"comment_status":"closed","ping_status":"closed","template":"templates\/blog-type-5.php","meta":{"footnotes":""},"class_list":["post-84","page","type-page","status-publish","hentry"],"yoast_head":"<!-- This site is optimized with the Yoast SEO Premium plugin v15.6.2 - https:\/\/yoast.com\/wordpress\/plugins\/seo\/ -->\n<title>Home - Pro-run13<\/title>\n<meta name=\"robots\" content=\"index, follow, max-snippet:-1, max-image-preview:large, max-video-preview:-1\" \/>\n<link rel=\"canonical\" href=\"https:\/\/pro-run13.fr\/\" \/>\n<meta property=\"og:locale\" content=\"fr_FR\" \/>\n<meta property=\"og:type\" content=\"article\" \/>\n<meta property=\"og:title\" content=\"Home - Pro-run13\" \/>\n<meta property=\"og:description\" content=\"CHAUSSURE &#8211; 3eme Ultra trail 1 septembre 2018Le running devient une tendance lourde des sportsLe&nbsp;running&nbsp;(terme anglais signifiant \u00ab&nbsp;courir&nbsp;\u00bb) est une pratique libre de la&nbsp;course \u00e0 pie &#8230;admin8096 READ MORE Non class\u00e9 \/ NOURRITURE &#8211; 1er &#8211; Running 1 septembre 2018Comparaison avec le jogging et le runningLe&nbsp;jogging&nbsp;convient \u00e0 tout le monde du fait de sa vitesse [&hellip;]\" \/>\n<meta property=\"og:url\" content=\"https:\/\/pro-run13.fr\/\" \/>\n<meta property=\"og:site_name\" content=\"Pro-run13\" \/>\n<meta property=\"article:modified_time\" content=\"2021-04-18T23:31:38+00:00\" \/>\n<meta property=\"og:image\" content=\"https:\/\/pro-run13.fr\/wp-content\/plugins\/masterslider\/public\/assets\/css\/blank.gif\" \/>\n<meta name=\"twitter:card\" content=\"summary_large_image\" \/>\n<meta name=\"twitter:label1\" content=\"Dur\u00e9e de lecture estim\u00e9e\">\n\t<meta name=\"twitter:data1\" content=\"2 minutes\">\n<script type=\"application\/ld+json\" class=\"yoast-schema-graph\">{\"@context\":\"https:\/\/schema.org\",\"@graph\":[{\"@type\":[\"Person\",\"Organization\"],\"@id\":\"https:\/\/pro-run13.fr\/#\/schema\/person\/1f58df59cc2206e46f200116c70f89f7\",\"name\":\"admin\",\"image\":{\"@type\":\"ImageObject\",\"@id\":\"https:\/\/pro-run13.fr\/#personlogo\",\"inLanguage\":\"fr-FR\",\"url\":\"https:\/\/secure.gravatar.com\/avatar\/c6f0e3a9fd402243fdb67da02b0c75c5697d7d6795c0c4d024afe6abc47584a9?s=96&d=mm&r=g\",\"caption\":\"admin\"},\"logo\":{\"@id\":\"https:\/\/pro-run13.fr\/#personlogo\"},\"sameAs\":[\"http:\/\/pro-run13.fr\"]},{\"@type\":\"WebSite\",\"@id\":\"https:\/\/pro-run13.fr\/#website\",\"url\":\"https:\/\/pro-run13.fr\/\",\"name\":\"Pro-run13\",\"description\":\"Garder le CAP\",\"publisher\":{\"@id\":\"https:\/\/pro-run13.fr\/#\/schema\/person\/1f58df59cc2206e46f200116c70f89f7\"},\"potentialAction\":[{\"@type\":\"SearchAction\",\"target\":\"https:\/\/pro-run13.fr\/?s={search_term_string}\",\"query-input\":\"required name=search_term_string\"}],\"inLanguage\":\"fr-FR\"},{\"@type\":\"ImageObject\",\"@id\":\"https:\/\/pro-run13.fr\/#primaryimage\",\"inLanguage\":\"fr-FR\",\"url\":\"https:\/\/pro-run13.fr\/wp-content\/plugins\/masterslider\/public\/assets\/css\/blank.gif\"},{\"@type\":\"WebPage\",\"@id\":\"https:\/\/pro-run13.fr\/#webpage\",\"url\":\"https:\/\/pro-run13.fr\/\",\"name\":\"Home - Pro-run13\",\"isPartOf\":{\"@id\":\"https:\/\/pro-run13.fr\/#website\"},\"primaryImageOfPage\":{\"@id\":\"https:\/\/pro-run13.fr\/#primaryimage\"},\"datePublished\":\"2018-08-01T10:00:59+00:00\",\"dateModified\":\"2021-04-18T23:31:38+00:00\",\"inLanguage\":\"fr-FR\",\"potentialAction\":[{\"@type\":\"ReadAction\",\"target\":[\"https:\/\/pro-run13.fr\/\"]}]}]}<\/script>\n<!-- \/ Yoast SEO Premium plugin. -->","_links":{"self":[{"href":"https:\/\/pro-run13.fr\/index.php\/wp-json\/wp\/v2\/pages\/84","targetHints":{"allow":["GET"]}}],"collection":[{"href":"https:\/\/pro-run13.fr\/index.php\/wp-json\/wp\/v2\/pages"}],"about":[{"href":"https:\/\/pro-run13.fr\/index.php\/wp-json\/wp\/v2\/types\/page"}],"author":[{"embeddable":true,"href":"https:\/\/pro-run13.fr\/index.php\/wp-json\/wp\/v2\/users\/1"}],"replies":[{"embeddable":true,"href":"https:\/\/pro-run13.fr\/index.php\/wp-json\/wp\/v2\/comments?post=84"}],"version-history":[{"count":0,"href":"https:\/\/pro-run13.fr\/index.php\/wp-json\/wp\/v2\/pages\/84\/revisions"}],"wp:attachment":[{"href":"https:\/\/pro-run13.fr\/index.php\/wp-json\/wp\/v2\/media?parent=84"}],"curies":[{"name":"wp","href":"https:\/\/api.w.org\/{rel}","templated":true}]}}